{"id":1827,"date":"2014-05-30T12:39:03","date_gmt":"2014-05-30T10:39:03","guid":{"rendered":""},"modified":"2023-11-02T17:21:25","modified_gmt":"2023-11-02T16:21:25","slug":"philosophie","status":"publish","type":"page","link":"https:\/\/kaupen6.de\/?page_id=1827","title":{"rendered":"Philosophie"},"content":{"rendered":"\n\t\t<div \t\t\tclass=\"novablocks-hero novablocks-doppler alignfull novablocks-u-valign-center novablocks-u-halign-center novablocks-u-background novablocks-u-background-dark sm-palette-1 sm-variation-12 scrolling-effect-parallax\"\n\t\t\tstyle=\"--novablocks-block-top-spacing: 1; --novablocks-block-bottom-spacing: 0; --novablocks-emphasis-top-spacing: 0; --novablocks-emphasis-bottom-spacing: 0; --novablocks-hero-text-color: #FFF;min-height: calc(50* var(--novablocks-1vh, 1vh)); \"\n\t\t\tdata-min-height-fallback='50' data-defaults-generated='1' data-block-index='0' data-scroll-indicator='' data-position-indicators='1' data-template-inserted='' data-display-inner-content='1' data-palette='1' data-palette-variation='12' data-use-source-color-as-reference='' data-color-signal='3' data-content-color-signal='0' data-content-position='center center' data-focal-point='{&quot;x&quot;:0.5,&quot;y&quot;:0.5}' data-final-focal-point='{&quot;x&quot;:0.5,&quot;y&quot;:0.5}' data-initial-background-scale='1' data-final-background-scale='1' data-scroll-indicator-block='' data-scrolling-effect='parallax' data-motion-preset='standard-dynamic' data-follow-through-start='1' data-follow-through-end='1' data-content-color='#FFF' data-overlay-filter-style='dark' data-overlay-filter-strength='30' data-emphasis-by-space='1' data-enable-overlapping='' data-block-top-spacing='1' data-block-bottom-spacing='0' data-emphasis-top-spacing='0' data-emphasis-bottom-spacing='0' data-anchor=''\t\t>\n\n\t\t\t\n\t\t\t<div class=\"novablocks-doppler__mask  novablocks-doppler__wrapper\">\n\t\t\t\t<img loading=\"lazy\" decoding=\"async\" width=\"3840\" height=\"2025\" src=\"https:\/\/kaupen6.de\/wp-content\/uploads\/2021\/05\/babooya_KaupenNr6_Imagefilm.00_00_36_08.Standbild001-1-3840x2025.png\" class=\"novablocks-hero__media  novablocks-doppler__target\" alt=\"\" style=\"object-position: 50% 50%;opacity: 0.7; \" srcset=\"https:\/\/kaupen6.de\/wp-content\/uploads\/2021\/05\/babooya_KaupenNr6_Imagefilm.00_00_36_08.Standbild001-1-3840x2025.png 3840w, https:\/\/kaupen6.de\/wp-content\/uploads\/2021\/05\/babooya_KaupenNr6_Imagefilm.00_00_36_08.Standbild001-1-300x158.png 300w, https:\/\/kaupen6.de\/wp-content\/uploads\/2021\/05\/babooya_KaupenNr6_Imagefilm.00_00_36_08.Standbild001-1-1024x540.png 1024w, https:\/\/kaupen6.de\/wp-content\/uploads\/2021\/05\/babooya_KaupenNr6_Imagefilm.00_00_36_08.Standbild001-1-768x405.png 768w, https:\/\/kaupen6.de\/wp-content\/uploads\/2021\/05\/babooya_KaupenNr6_Imagefilm.00_00_36_08.Standbild001-1-1536x810.png 1536w, https:\/\/kaupen6.de\/wp-content\/uploads\/2021\/05\/babooya_KaupenNr6_Imagefilm.00_00_36_08.Standbild001-1-2048x1080.png 2048w, https:\/\/kaupen6.de\/wp-content\/uploads\/2021\/05\/babooya_KaupenNr6_Imagefilm.00_00_36_08.Standbild001-1-250x132.png 250w, https:\/\/kaupen6.de\/wp-content\/uploads\/2021\/05\/babooya_KaupenNr6_Imagefilm.00_00_36_08.Standbild001-1-1366x720.png 1366w, https:\/\/kaupen6.de\/wp-content\/uploads\/2021\/05\/babooya_KaupenNr6_Imagefilm.00_00_36_08.Standbild001-1-480x253.png 480w\" sizes=\"auto, (max-width: 3840px) 100vw, 3840px\" \/>\n\t\t\t\t\t\t\t<\/div>\n            <div class=\"novablocks-hero__foreground novablocks-doppler__foreground novablocks-u-content-padding novablocks-u-content-align\" style=\"min-height: calc(50 * var(--novablocks-1vh, 1vh)); \">\n                <div class=\"novablocks-hero__inner-container wp-block-group__inner-container novablocks-u-content-width\" style=\"\">\n\t\t\t\t\t\n\n<div class=\"wp-block-group alignwide sm-palette-1 sm-color-signal-0\" style=\"--novablocks-emphasis-top-spacing:0;--novablocks-emphasis-bottom-spacing:0;--novablocks-block-top-spacing:1;--novablocks-block-bottom-spacing:0;--novablocks-block-zindex:0\" data-palette=\"1\" data-palette-variation=\"11\" data-color-signal=\"0\"><div class=\"wp-block-group__inner-container is-layout-flow wp-block-group-is-layout-flow\">\n<h1 class=\"wp-block-novablocks-headline c-headline has-text-align-center has-larger-font-size\"><span class=\"c-headline__secondary\">Unsere<\/span> <span class=\"c-headline__primary\">Philosophie<\/span><\/h1>\n<\/div><\/div>\n\n                <\/div>\n\t\t\t\t            <\/div>\n\n\t\t\t\n        <\/div>\n\n\t\t\n\n\n<div class=\"wp-block-group\"><div class=\"wp-block-group__inner-container is-layout-flow wp-block-group-is-layout-flow\">\n\n<div class=\"wp-block-columns is-layout-flex wp-container-core-columns-is-layout-9d6595d7 wp-block-columns-is-layout-flex\">\n\n<div class=\"wp-block-column is-layout-flow wp-block-column-is-layout-flow\"><\/div>\n\n\n<div class=\"wp-block-column is-layout-flow wp-block-column-is-layout-flow\"><\/div>\n\n<\/div>\n\n<\/div><\/div>\n\n\n\n<div class=\"wp-block-columns alignwide is-layout-flex wp-container-core-columns-is-layout-9d6595d7 wp-block-columns-is-layout-flex\">\n<div class=\"wp-block-column is-layout-flow wp-block-column-is-layout-flow\">\n<h3 class=\"wp-block-heading has-text-align-center has-larger-font-size\">Willkommen auf Kaupen <\/h3>\n\n\n\n<p class=\"has-text-align-center is-style-default\">Unser Restaurant wurde 1996 in einem Bauernhaus aus dem 19. Jhd. er\u00f6ffnet. Bis zum Jahr 2000 waren wir nur \u00fcber den Wasserweg zu erreichen. Die Versorgung erfolgte ausschlie\u00dflich mit dem Kahn. Heute f\u00fchrt ein schmaler Wiesenweg \u00fcber drei Br\u00fccken vom Spreewalddorf Lehde zum Restaurant. Der Charakter des auf Pf\u00e4hlen ruhenden Geb\u00e4udes aus Kiefern- und Pappelholz blieb unver\u00e4ndert. <\/p>\n\n\n\n<p class=\"has-text-align-center\">Auf unserer Terrasse direkt an der Spree gelegen, kann man unter dem rauschenden Bl\u00e4tterdach des Spreewalds das Treiben auf den Flie\u00dfen oder mit etwas Gl\u00fcck sogar ein Nutria beobachten. Im Winter, wenn die Spree gefroren und die Landschaft mit Frost \u00fcberzogen ist, lockt ein knisterndes Feuer im Kachelofen in den Gastraum. <\/p>\n\n\n\n<p class=\"has-text-align-center\">Egal zu welcher Jahreszeit oder welchem Anlass, ob als Restaurant- oder \u00dcbernachtungsgast &#8211; wir freuen uns darauf, eure Gastgeber zu sein! <\/p>\n\n\n\n<p><\/p>\n\n\n\n<p class=\"has-text-align-center\">Familie Koal mit Hund Caspar <\/p>\n<\/div>\n\n\n\n<div class=\"wp-block-column is-layout-flow wp-block-column-is-layout-flow\">\n<h4 class=\"wp-block-heading has-text-align-center has-sm-light-primary-color has-sm-color-primary-background-color has-text-color has-background has-normal-font-size\">F\u00fcr uns bedeutet Genuss auch, zu wissen, woher unsere Produkte kommen. Deswegen verwenden wir vorrangig frische und saisonale Zutaten und arbeiten zusammen mit Produzenten aus der Region. Dazu geh\u00f6rt zum Beispiel Familie Kilka vom Mutschenhof, von der wir unserer Rindfleisch beziehen. Die Tiere wachsen art- und wesensgerecht auf und  verbringen die meiste Zeit auf einer Spreewaldwiese in direkter Nachbarschaft zum Restaurant. Unser Lein\u00f6l erwerben wir direkt aus der Lein\u00f6lm\u00fchle in L\u00fcbbenau.   <\/h4>\n\n\n\n<p><\/p>\n<\/div>\n<\/div>\n\n\n\n\t\t<div \t\t\tclass=\"novablocks-hero novablocks-doppler alignfull novablocks-u-valign-center novablocks-u-halign-center novablocks-u-background novablocks-u-background-dark sm-palette-1 sm-variation-12 scrolling-effect-parallax\"\n\t\t\tstyle=\"--novablocks-block-top-spacing: 1; --novablocks-block-bottom-spacing: 0; --novablocks-emphasis-top-spacing: 0; --novablocks-emphasis-bottom-spacing: 0; --novablocks-hero-text-color: #FFF;min-height: calc(66* var(--novablocks-1vh, 1vh)); \"\n\t\t\tdata-min-height-fallback='66' data-defaults-generated='1' data-block-index='3' data-scroll-indicator='' data-position-indicators='1' data-template-inserted='' data-display-inner-content='1' data-palette='1' data-palette-variation='12' data-use-source-color-as-reference='' data-color-signal='3' data-content-color-signal='0' data-content-position='center center' data-focal-point='{&quot;x&quot;:0.5,&quot;y&quot;:0.5}' data-final-focal-point='{&quot;x&quot;:0.5,&quot;y&quot;:0.5}' data-initial-background-scale='1' data-final-background-scale='1' data-scroll-indicator-block='' data-scrolling-effect='parallax' data-motion-preset='standard-dynamic' data-follow-through-start='1' data-follow-through-end='1' data-content-color='#FFF' data-overlay-filter-style='dark' data-overlay-filter-strength='30' data-emphasis-by-space='1' data-enable-overlapping='' data-block-top-spacing='1' data-block-bottom-spacing='0' data-emphasis-top-spacing='0' data-emphasis-bottom-spacing='0' data-anchor=''\t\t>\n\n\t\t\t\n\t\t\t<div class=\"novablocks-doppler__mask  novablocks-doppler__wrapper\">\n\t\t\t\t<img loading=\"lazy\" decoding=\"async\" width=\"2560\" height=\"1725\" src=\"https:\/\/kaupen6.de\/wp-content\/uploads\/2021\/05\/AB1I0258-scaled.jpg\" class=\"novablocks-hero__media  novablocks-doppler__target\" alt=\"\" style=\"object-position: 50% 50%;opacity: 0.7; \" srcset=\"https:\/\/kaupen6.de\/wp-content\/uploads\/2021\/05\/AB1I0258-scaled.jpg 2560w, https:\/\/kaupen6.de\/wp-content\/uploads\/2021\/05\/AB1I0258-300x202.jpg 300w, https:\/\/kaupen6.de\/wp-content\/uploads\/2021\/05\/AB1I0258-1024x690.jpg 1024w, https:\/\/kaupen6.de\/wp-content\/uploads\/2021\/05\/AB1I0258-768x517.jpg 768w, https:\/\/kaupen6.de\/wp-content\/uploads\/2021\/05\/AB1I0258-1536x1035.jpg 1536w, https:\/\/kaupen6.de\/wp-content\/uploads\/2021\/05\/AB1I0258-2048x1380.jpg 2048w\" sizes=\"auto, (max-width: 2560px) 100vw, 2560px\" \/>\n\t\t\t\t\t\t\t<\/div>\n            <div class=\"novablocks-hero__foreground novablocks-doppler__foreground novablocks-u-content-padding novablocks-u-content-align\" style=\"min-height: calc(66 * var(--novablocks-1vh, 1vh)); \">\n                <div class=\"novablocks-hero__inner-container wp-block-group__inner-container novablocks-u-content-width\" style=\"\">\n\t\t\t\t\t\n\n<div class=\"wp-block-group alignwide sm-palette-1 sm-color-signal-0\" style=\"--novablocks-emphasis-top-spacing:0;--novablocks-emphasis-bottom-spacing:0;--novablocks-block-top-spacing:1;--novablocks-block-bottom-spacing:0;--novablocks-block-zindex:0\" data-palette=\"1\" data-palette-variation=\"11\" data-color-signal=\"0\"><div class=\"wp-block-group__inner-container is-layout-flow wp-block-group-is-layout-flow\">\n<p class=\"has-text-align-center is-style-lead\"><\/p>\n<\/div><\/div>\n\n                <\/div>\n\t\t\t\t            <\/div>\n\n\t\t\t\n        <\/div>\n\n\t\t","protected":false},"excerpt":{"rendered":"<p>Willkommen auf Kaupen Unser Restaurant wurde 1996 in einem Bauernhaus aus dem 19. Jhd. er\u00f6ffnet. Bis zum Jahr 2000 waren wir nur \u00fcber den Wasserweg [&hellip;]<\/p>\n","protected":false},"author":3,"featured_media":162,"parent":0,"menu_order":0,"comment_status":"closed","ping_status":"closed","template":"","meta":{"novablocks_hero_scroll_indicator":false,"novablocks_hero_position_indicators":false,"footnotes":""},"class_list":["post-1827","page","type-page","status-publish","has-post-thumbnail","hentry"],"_links":{"self":[{"href":"https:\/\/kaupen6.de\/index.php?rest_route=\/wp\/v2\/pages\/1827","targetHints":{"allow":["GET"]}}],"collection":[{"href":"https:\/\/kaupen6.de\/index.php?rest_route=\/wp\/v2\/pages"}],"about":[{"href":"https:\/\/kaupen6.de\/index.php?rest_route=\/wp\/v2\/types\/page"}],"author":[{"embeddable":true,"href":"https:\/\/kaupen6.de\/index.php?rest_route=\/wp\/v2\/users\/3"}],"replies":[{"embeddable":true,"href":"https:\/\/kaupen6.de\/index.php?rest_route=%2Fwp%2Fv2%2Fcomments&post=1827"}],"version-history":[{"count":12,"href":"https:\/\/kaupen6.de\/index.php?rest_route=\/wp\/v2\/pages\/1827\/revisions"}],"predecessor-version":[{"id":2187,"href":"https:\/\/kaupen6.de\/index.php?rest_route=\/wp\/v2\/pages\/1827\/revisions\/2187"}],"wp:featuredmedia":[{"embeddable":true,"href":"https:\/\/kaupen6.de\/index.php?rest_route=\/wp\/v2\/media\/162"}],"wp:attachment":[{"href":"https:\/\/kaupen6.de\/index.php?rest_route=%2Fwp%2Fv2%2Fmedia&parent=1827"}],"curies":[{"name":"wp","href":"https:\/\/api.w.org\/{rel}","templated":true}]}}